{"id":1530,"date":"2025-11-13T09:33:46","date_gmt":"2025-11-13T09:33:46","guid":{"rendered":"https:\/\/jasoindustrial.com\/politica-de-calidad\/"},"modified":"2026-02-10T13:02:53","modified_gmt":"2026-02-10T13:02:53","slug":"quality-policy","status":"publish","type":"page","link":"https:\/\/jasoindustrial.com\/en\/quality-policy\/","title":{"rendered":"Quality policy"},"content":{"rendered":"\n<p>The Quality Policy in <strong>TALLERES JASO INDUSTRIAL<\/strong> is designed to increase the satisfaction of its customers and meet the expectations of other stakeholders. Bearing in mind their high requirements, we are convinced that this fundamental premise is the only guarantee and also helps to promote continued profitability.<\/p>\n\n\n\n<p>To develop this policy, the <strong>TALLERES JASO INDUSTRIAL<\/strong> Management and Management Team undertake the following commitments:<\/p>\n\n\n\n<ul class=\"wp-block-list\">\n<li>Implement a Quality Management System, in accordance with the requirements of the current<strong> ISO 9001<\/strong> standard, as well as promote the continuous improvement of its effectiveness.<\/li>\n\n\n\n<li>Ensure that Quality Objectives are established and periodically reviewed in the relevant functions and levels within the Organisation.<\/li>\n\n\n\n<li>Comply with both those requirements specified by customers and legal and regulatory requirements related to the products.<\/li>\n\n\n\n<li>Plan and provide the necessary resources in terms of means of production, control and facilities, as well as human resources, including their necessary competence and training.<\/li>\n\n\n\n<li>Promote and develop actions to continuously improve our processes and products.<\/li>\n\n\n\n<li>In the area of EHS, establish policies aimed at setting and achieving objectives by means of the most relevant indicators, within a continuous improvement approach whereby these objectives and results are periodically reviewed and improved.<\/li>\n<\/ul>\n\n\n\n<p><\/p>\n","protected":false},"excerpt":{"rendered":"<p>The Quality Policy in TALLERES JASO INDUSTRIAL is designed to increase the satisfaction of its customers and meet the expectations of other stakeholders. Bearing in mind their high requirements, we are convinced that this fundamental premise is the only guarantee and also helps to promote continued profitability. To develop this policy, the TALLERES JASO INDUSTRIAL [&hellip;]<\/p>\n","protected":false},"author":3,"featured_media":0,"parent":0,"menu_order":0,"comment_status":"closed","ping_status":"closed","template":"","meta":{"_acf_changed":false,"footnotes":""},"class_list":["post-1530","page","type-page","status-publish","hentry"],"acf":[],"yoast_head":"<!-- This site is optimized with the Yoast SEO plugin v27.2 - https:\/\/yoast.com\/product\/yoast-seo-wordpress\/ -->\n<title>Quality policy - Fabricante de gr\u00faas puente - JASO Industrial Cranes<\/title>\n<meta name=\"robots\" content=\"index, follow, max-snippet:-1, max-image-preview:large, max-video-preview:-1\" \/>\n<link rel=\"canonical\" href=\"https:\/\/jasoindustrial.com\/en\/quality-policy\/\" \/>\n<meta property=\"og:locale\" content=\"en_US\" \/>\n<meta property=\"og:type\" content=\"article\" \/>\n<meta property=\"og:title\" content=\"Quality policy - Fabricante de gr\u00faas puente - JASO Industrial Cranes\" \/>\n<meta property=\"og:description\" content=\"The Quality Policy in TALLERES JASO INDUSTRIAL is designed to increase the satisfaction of its customers and meet the expectations of other stakeholders. Bearing in mind their high requirements, we are convinced that this fundamental premise is the only guarantee and also helps to promote continued profitability. To develop this policy, the TALLERES JASO INDUSTRIAL [&hellip;]\" \/>\n<meta property=\"og:url\" content=\"https:\/\/jasoindustrial.com\/en\/quality-policy\/\" \/>\n<meta property=\"og:site_name\" content=\"Fabricante de gr\u00faas puente - JASO Industrial Cranes\" \/>\n<meta property=\"article:modified_time\" content=\"2026-02-10T13:02:53+00:00\" \/>\n<meta name=\"twitter:card\" content=\"summary_large_image\" \/>\n<meta name=\"twitter:label1\" content=\"Est. reading time\" \/>\n\t<meta name=\"twitter:data1\" content=\"1 minute\" \/>\n<script type=\"application\/ld+json\" class=\"yoast-schema-graph\">{\"@context\":\"https:\/\/schema.org\",\"@graph\":[{\"@type\":\"WebPage\",\"@id\":\"https:\/\/jasoindustrial.com\/en\/quality-policy\/\",\"url\":\"https:\/\/jasoindustrial.com\/en\/quality-policy\/\",\"name\":\"Quality policy - Fabricante de gr\u00faas puente - JASO Industrial Cranes\",\"isPartOf\":{\"@id\":\"https:\/\/jasoindustrial.com\/en\/#website\"},\"datePublished\":\"2025-11-13T09:33:46+00:00\",\"dateModified\":\"2026-02-10T13:02:53+00:00\",\"breadcrumb\":{\"@id\":\"https:\/\/jasoindustrial.com\/en\/quality-policy\/#breadcrumb\"},\"inLanguage\":\"en-US\",\"potentialAction\":[{\"@type\":\"ReadAction\",\"target\":[\"https:\/\/jasoindustrial.com\/en\/quality-policy\/\"]}]},{\"@type\":\"BreadcrumbList\",\"@id\":\"https:\/\/jasoindustrial.com\/en\/quality-policy\/#breadcrumb\",\"itemListElement\":[{\"@type\":\"ListItem\",\"position\":1,\"name\":\"Portada\",\"item\":\"https:\/\/jasoindustrial.com\/en\/\"},{\"@type\":\"ListItem\",\"position\":2,\"name\":\"Quality policy\"}]},{\"@type\":\"WebSite\",\"@id\":\"https:\/\/jasoindustrial.com\/en\/#website\",\"url\":\"https:\/\/jasoindustrial.com\/en\/\",\"name\":\"Fabricante de gr\u00faas puente - JASO Industrial Cranes\",\"description\":\"Fabricamos las gr\u00faas que  mueven la industria. Somos un fabricante a nivel global de gr\u00faas de polipasto, gr\u00faas de proceso y carros aut\u00f3nomos direccionales.\",\"publisher\":{\"@id\":\"https:\/\/jasoindustrial.com\/en\/#organization\"},\"potentialAction\":[{\"@type\":\"SearchAction\",\"target\":{\"@type\":\"EntryPoint\",\"urlTemplate\":\"https:\/\/jasoindustrial.com\/en\/?s={search_term_string}\"},\"query-input\":{\"@type\":\"PropertyValueSpecification\",\"valueRequired\":true,\"valueName\":\"search_term_string\"}}],\"inLanguage\":\"en-US\"},{\"@type\":\"Organization\",\"@id\":\"https:\/\/jasoindustrial.com\/en\/#organization\",\"name\":\"Fabricante de gr\u00faas puente - JASO Industrial Cranes\",\"url\":\"https:\/\/jasoindustrial.com\/en\/\",\"logo\":{\"@type\":\"ImageObject\",\"inLanguage\":\"en-US\",\"@id\":\"https:\/\/jasoindustrial.com\/en\/#\/schema\/logo\/image\/\",\"url\":\"https:\/\/jasoindustrial.com\/wp-content\/uploads\/2025\/10\/logo-Jaso-industrial-1.svg\",\"contentUrl\":\"https:\/\/jasoindustrial.com\/wp-content\/uploads\/2025\/10\/logo-Jaso-industrial-1.svg\",\"caption\":\"Fabricante de gr\u00faas puente - JASO Industrial Cranes\"},\"image\":{\"@id\":\"https:\/\/jasoindustrial.com\/en\/#\/schema\/logo\/image\/\"}}]}<\/script>\n<!-- \/ Yoast SEO plugin. -->","yoast_head_json":{"title":"Quality policy - Fabricante de gr\u00faas puente - JASO Industrial Cranes","robots":{"index":"index","follow":"follow","max-snippet":"max-snippet:-1","max-image-preview":"max-image-preview:large","max-video-preview":"max-video-preview:-1"},"canonical":"https:\/\/jasoindustrial.com\/en\/quality-policy\/","og_locale":"en_US","og_type":"article","og_title":"Quality policy - Fabricante de gr\u00faas puente - JASO Industrial Cranes","og_description":"The Quality Policy in TALLERES JASO INDUSTRIAL is designed to increase the satisfaction of its customers and meet the expectations of other stakeholders. Bearing in mind their high requirements, we are convinced that this fundamental premise is the only guarantee and also helps to promote continued profitability. To develop this policy, the TALLERES JASO INDUSTRIAL [&hellip;]","og_url":"https:\/\/jasoindustrial.com\/en\/quality-policy\/","og_site_name":"Fabricante de gr\u00faas puente - JASO Industrial Cranes","article_modified_time":"2026-02-10T13:02:53+00:00","twitter_card":"summary_large_image","twitter_misc":{"Est. reading time":"1 minute"},"schema":{"@context":"https:\/\/schema.org","@graph":[{"@type":"WebPage","@id":"https:\/\/jasoindustrial.com\/en\/quality-policy\/","url":"https:\/\/jasoindustrial.com\/en\/quality-policy\/","name":"Quality policy - Fabricante de gr\u00faas puente - JASO Industrial Cranes","isPartOf":{"@id":"https:\/\/jasoindustrial.com\/en\/#website"},"datePublished":"2025-11-13T09:33:46+00:00","dateModified":"2026-02-10T13:02:53+00:00","breadcrumb":{"@id":"https:\/\/jasoindustrial.com\/en\/quality-policy\/#breadcrumb"},"inLanguage":"en-US","potentialAction":[{"@type":"ReadAction","target":["https:\/\/jasoindustrial.com\/en\/quality-policy\/"]}]},{"@type":"BreadcrumbList","@id":"https:\/\/jasoindustrial.com\/en\/quality-policy\/#breadcrumb","itemListElement":[{"@type":"ListItem","position":1,"name":"Portada","item":"https:\/\/jasoindustrial.com\/en\/"},{"@type":"ListItem","position":2,"name":"Quality policy"}]},{"@type":"WebSite","@id":"https:\/\/jasoindustrial.com\/en\/#website","url":"https:\/\/jasoindustrial.com\/en\/","name":"Fabricante de gr\u00faas puente - JASO Industrial Cranes","description":"Fabricamos las gr\u00faas que  mueven la industria. Somos un fabricante a nivel global de gr\u00faas de polipasto, gr\u00faas de proceso y carros aut\u00f3nomos direccionales.","publisher":{"@id":"https:\/\/jasoindustrial.com\/en\/#organization"},"potentialAction":[{"@type":"SearchAction","target":{"@type":"EntryPoint","urlTemplate":"https:\/\/jasoindustrial.com\/en\/?s={search_term_string}"},"query-input":{"@type":"PropertyValueSpecification","valueRequired":true,"valueName":"search_term_string"}}],"inLanguage":"en-US"},{"@type":"Organization","@id":"https:\/\/jasoindustrial.com\/en\/#organization","name":"Fabricante de gr\u00faas puente - JASO Industrial Cranes","url":"https:\/\/jasoindustrial.com\/en\/","logo":{"@type":"ImageObject","inLanguage":"en-US","@id":"https:\/\/jasoindustrial.com\/en\/#\/schema\/logo\/image\/","url":"https:\/\/jasoindustrial.com\/wp-content\/uploads\/2025\/10\/logo-Jaso-industrial-1.svg","contentUrl":"https:\/\/jasoindustrial.com\/wp-content\/uploads\/2025\/10\/logo-Jaso-industrial-1.svg","caption":"Fabricante de gr\u00faas puente - JASO Industrial Cranes"},"image":{"@id":"https:\/\/jasoindustrial.com\/en\/#\/schema\/logo\/image\/"}}]}},"_links":{"self":[{"href":"https:\/\/jasoindustrial.com\/en\/wp-json\/wp\/v2\/pages\/1530","targetHints":{"allow":["GET"]}}],"collection":[{"href":"https:\/\/jasoindustrial.com\/en\/wp-json\/wp\/v2\/pages"}],"about":[{"href":"https:\/\/jasoindustrial.com\/en\/wp-json\/wp\/v2\/types\/page"}],"author":[{"embeddable":true,"href":"https:\/\/jasoindustrial.com\/en\/wp-json\/wp\/v2\/users\/3"}],"replies":[{"embeddable":true,"href":"https:\/\/jasoindustrial.com\/en\/wp-json\/wp\/v2\/comments?post=1530"}],"version-history":[{"count":1,"href":"https:\/\/jasoindustrial.com\/en\/wp-json\/wp\/v2\/pages\/1530\/revisions"}],"predecessor-version":[{"id":1532,"href":"https:\/\/jasoindustrial.com\/en\/wp-json\/wp\/v2\/pages\/1530\/revisions\/1532"}],"wp:attachment":[{"href":"https:\/\/jasoindustrial.com\/en\/wp-json\/wp\/v2\/media?parent=1530"}],"curies":[{"name":"wp","href":"https:\/\/api.w.org\/{rel}","templated":true}]}}