{"id":1129,"date":"2025-11-20T08:14:00","date_gmt":"2025-11-20T08:14:00","guid":{"rendered":"https:\/\/jasoindustrial.com\/?page_id=1129"},"modified":"2026-03-23T08:38:55","modified_gmt":"2026-03-23T08:38:55","slug":"catalogues","status":"publish","type":"page","link":"https:\/\/jasoindustrial.com\/en\/catalogues\/","title":{"rendered":"Catalogues"},"content":{"rendered":"\n<div class=\"wp-block-cover\" style=\"min-height:336px;aspect-ratio:unset;\"><img loading=\"lazy\" decoding=\"async\" width=\"1024\" height=\"303\" class=\"wp-block-cover__image-background wp-image-254 size-large\" alt=\"\" src=\"http:\/\/jasoindustrial.com\/wp-content\/uploads\/2025\/10\/banner-catalogo-1024x303.jpg\" data-object-fit=\"cover\" srcset=\"https:\/\/jasoindustrial.com\/wp-content\/uploads\/2025\/10\/banner-catalogo-1024x303.jpg 1024w, https:\/\/jasoindustrial.com\/wp-content\/uploads\/2025\/10\/banner-catalogo-300x89.jpg 300w, https:\/\/jasoindustrial.com\/wp-content\/uploads\/2025\/10\/banner-catalogo-768x227.jpg 768w, https:\/\/jasoindustrial.com\/wp-content\/uploads\/2025\/10\/banner-catalogo-1536x454.jpg 1536w, https:\/\/jasoindustrial.com\/wp-content\/uploads\/2025\/10\/banner-catalogo.jpg 1920w\" sizes=\"auto, (max-width: 1024px) 100vw, 1024px\" \/><span aria-hidden=\"true\" class=\"wp-block-cover__background has-black-background-color has-background-dim-30 has-background-dim\"><\/span><div class=\"wp-block-cover__inner-container is-layout-constrained wp-block-cover-is-layout-constrained\">\n<p class=\"has-text-align-center has-large-font-size\"><\/p>\n<\/div><\/div>\n\n\n\n<div class=\"wp-block-group estrecho interior-peq mb-5\"><div class=\"wp-block-group__inner-container is-layout-constrained wp-block-group-is-layout-constrained\">\n<h1 class=\"wp-block-heading\">Catalogues<\/h1>\n\n\n\n<div class=\"wp-block-group\"><div class=\"wp-block-group__inner-container is-layout-constrained wp-block-group-is-layout-constrained\">\n<div class=\"wp-block-group catalogo is-nowrap is-layout-flex wp-container-core-group-is-layout-ad2f72ca wp-block-group-is-layout-flex\">\n<figure class=\"wp-block-image size-full is-resized\"><img decoding=\"async\" src=\"http:\/\/jasoindustrial.com\/wp-content\/uploads\/2026\/03\/archivo-pdf.svg\" alt=\"\" class=\"wp-image-2279\" style=\"object-fit:cover;width:25px;height:25px\"\/><\/figure>\n\n\n\n<p style=\"font-size:14px\">JASO INDUSTRIAL CRANES CATALOGUE <a href=\"http:\/\/jasoindustrial.com\/wp-content\/uploads\/2026\/01\/catalogo-jaso-industrial-cranes_compressed.pdf\" target=\"_blank\" rel=\"noreferrer noopener\">View catalogue<\/a><\/p>\n<\/div>\n<\/div><\/div>\n\n\n\n<div class=\"wp-block-group\"><div class=\"wp-block-group__inner-container is-layout-constrained wp-block-group-is-layout-constrained\">\n<div class=\"wp-block-group catalogo is-nowrap is-layout-flex wp-container-core-group-is-layout-ad2f72ca wp-block-group-is-layout-flex\">\n<figure class=\"wp-block-image size-full is-resized\"><img decoding=\"async\" src=\"http:\/\/jasoindustrial.com\/wp-content\/uploads\/2026\/03\/archivo-pdf.svg\" alt=\"\" class=\"wp-image-2279\" style=\"object-fit:cover;width:25px;height:25px\"\/><\/figure>\n\n\n\n<p style=\"font-size:14px\">TRANSFER CARTS CATALOGUE <a href=\"http:\/\/jasoindustrial.com\/wp-content\/uploads\/2026\/03\/transfer-carts-catalog.pdf\" target=\"_blank\" rel=\"noreferrer noopener\">View catalogue<\/a><\/p>\n<\/div>\n<\/div><\/div>\n\n\n\n<div class=\"wp-block-group\"><div class=\"wp-block-group__inner-container is-layout-constrained wp-block-group-is-layout-constrained\">\n<div class=\"wp-block-group catalogo is-nowrap is-layout-flex wp-container-core-group-is-layout-ad2f72ca wp-block-group-is-layout-flex\">\n<figure class=\"wp-block-image size-full is-resized\"><img decoding=\"async\" src=\"http:\/\/jasoindustrial.com\/wp-content\/uploads\/2026\/03\/archivo-pdf.svg\" alt=\"\" class=\"wp-image-2279\" style=\"object-fit:cover;width:25px;height:25px\"\/><\/figure>\n\n\n\n<p style=\"font-size:14px\">CRANEBOT CATALOGUE <a href=\"http:\/\/jasoindustrial.com\/wp-content\/uploads\/2026\/03\/cranebot-catalog-EN-1.pdf\" target=\"_blank\" rel=\"noreferrer noopener\">View catalogue<\/a><\/p>\n<\/div>\n<\/div><\/div>\n<\/div><\/div>\n\n\n\n<p><\/p>\n","protected":false},"excerpt":{"rendered":"<p>Catalogues JASO INDUSTRIAL CRANES CATALOGUE View catalogue TRANSFER CARTS CATALOGUE View catalogue CRANEBOT CATALOGUE View catalogue<\/p>\n","protected":false},"author":3,"featured_media":0,"parent":0,"menu_order":0,"comment_status":"closed","ping_status":"closed","template":"","meta":{"_acf_changed":false,"footnotes":""},"class_list":["post-1129","page","type-page","status-publish","hentry"],"acf":[],"yoast_head":"<!-- This site is optimized with the Yoast SEO plugin v27.2 - https:\/\/yoast.com\/product\/yoast-seo-wordpress\/ -->\n<title>Catalogues - Fabricante de gr\u00faas puente - JASO Industrial Cranes<\/title>\n<meta name=\"robots\" content=\"index, follow, max-snippet:-1, max-image-preview:large, max-video-preview:-1\" \/>\n<link rel=\"canonical\" href=\"https:\/\/jasoindustrial.com\/en\/catalogues\/\" \/>\n<meta property=\"og:locale\" content=\"en_US\" \/>\n<meta property=\"og:type\" content=\"article\" \/>\n<meta property=\"og:title\" content=\"Catalogues - Fabricante de gr\u00faas puente - JASO Industrial Cranes\" \/>\n<meta property=\"og:description\" content=\"Catalogues JASO INDUSTRIAL CRANES CATALOGUE View catalogue TRANSFER CARTS CATALOGUE View catalogue CRANEBOT CATALOGUE View catalogue\" \/>\n<meta property=\"og:url\" content=\"https:\/\/jasoindustrial.com\/en\/catalogues\/\" \/>\n<meta property=\"og:site_name\" content=\"Fabricante de gr\u00faas puente - JASO Industrial Cranes\" \/>\n<meta property=\"article:modified_time\" content=\"2026-03-23T08:38:55+00:00\" \/>\n<meta property=\"og:image\" content=\"http:\/\/jasoindustrial.com\/wp-content\/uploads\/2025\/10\/banner-catalogo-1024x303.jpg\" \/>\n<meta name=\"twitter:card\" content=\"summary_large_image\" \/>\n<meta name=\"twitter:label1\" content=\"Est. reading time\" \/>\n\t<meta name=\"twitter:data1\" content=\"1 minute\" \/>\n<script type=\"application\/ld+json\" class=\"yoast-schema-graph\">{\"@context\":\"https:\/\/schema.org\",\"@graph\":[{\"@type\":\"WebPage\",\"@id\":\"https:\/\/jasoindustrial.com\/en\/catalogues\/\",\"url\":\"https:\/\/jasoindustrial.com\/en\/catalogues\/\",\"name\":\"Catalogues - Fabricante de gr\u00faas puente - JASO Industrial Cranes\",\"isPartOf\":{\"@id\":\"https:\/\/jasoindustrial.com\/en\/#website\"},\"primaryImageOfPage\":{\"@id\":\"https:\/\/jasoindustrial.com\/en\/catalogues\/#primaryimage\"},\"image\":{\"@id\":\"https:\/\/jasoindustrial.com\/en\/catalogues\/#primaryimage\"},\"thumbnailUrl\":\"http:\/\/jasoindustrial.com\/wp-content\/uploads\/2025\/10\/banner-catalogo-1024x303.jpg\",\"datePublished\":\"2025-11-20T08:14:00+00:00\",\"dateModified\":\"2026-03-23T08:38:55+00:00\",\"breadcrumb\":{\"@id\":\"https:\/\/jasoindustrial.com\/en\/catalogues\/#breadcrumb\"},\"inLanguage\":\"en-US\",\"potentialAction\":[{\"@type\":\"ReadAction\",\"target\":[\"https:\/\/jasoindustrial.com\/en\/catalogues\/\"]}]},{\"@type\":\"ImageObject\",\"inLanguage\":\"en-US\",\"@id\":\"https:\/\/jasoindustrial.com\/en\/catalogues\/#primaryimage\",\"url\":\"http:\/\/jasoindustrial.com\/wp-content\/uploads\/2025\/10\/banner-catalogo-1024x303.jpg\",\"contentUrl\":\"http:\/\/jasoindustrial.com\/wp-content\/uploads\/2025\/10\/banner-catalogo-1024x303.jpg\"},{\"@type\":\"BreadcrumbList\",\"@id\":\"https:\/\/jasoindustrial.com\/en\/catalogues\/#breadcrumb\",\"itemListElement\":[{\"@type\":\"ListItem\",\"position\":1,\"name\":\"Portada\",\"item\":\"https:\/\/jasoindustrial.com\/en\/\"},{\"@type\":\"ListItem\",\"position\":2,\"name\":\"Catalogues\"}]},{\"@type\":\"WebSite\",\"@id\":\"https:\/\/jasoindustrial.com\/en\/#website\",\"url\":\"https:\/\/jasoindustrial.com\/en\/\",\"name\":\"Fabricante de gr\u00faas puente - JASO Industrial Cranes\",\"description\":\"Fabricamos las gr\u00faas que  mueven la industria. Somos un fabricante a nivel global de gr\u00faas de polipasto, gr\u00faas de proceso y carros aut\u00f3nomos direccionales.\",\"publisher\":{\"@id\":\"https:\/\/jasoindustrial.com\/en\/#organization\"},\"potentialAction\":[{\"@type\":\"SearchAction\",\"target\":{\"@type\":\"EntryPoint\",\"urlTemplate\":\"https:\/\/jasoindustrial.com\/en\/?s={search_term_string}\"},\"query-input\":{\"@type\":\"PropertyValueSpecification\",\"valueRequired\":true,\"valueName\":\"search_term_string\"}}],\"inLanguage\":\"en-US\"},{\"@type\":\"Organization\",\"@id\":\"https:\/\/jasoindustrial.com\/en\/#organization\",\"name\":\"Fabricante de gr\u00faas puente - JASO Industrial Cranes\",\"url\":\"https:\/\/jasoindustrial.com\/en\/\",\"logo\":{\"@type\":\"ImageObject\",\"inLanguage\":\"en-US\",\"@id\":\"https:\/\/jasoindustrial.com\/en\/#\/schema\/logo\/image\/\",\"url\":\"https:\/\/jasoindustrial.com\/wp-content\/uploads\/2025\/10\/logo-Jaso-industrial-1.svg\",\"contentUrl\":\"https:\/\/jasoindustrial.com\/wp-content\/uploads\/2025\/10\/logo-Jaso-industrial-1.svg\",\"caption\":\"Fabricante de gr\u00faas puente - JASO Industrial Cranes\"},\"image\":{\"@id\":\"https:\/\/jasoindustrial.com\/en\/#\/schema\/logo\/image\/\"}}]}<\/script>\n<!-- \/ Yoast SEO plugin. -->","yoast_head_json":{"title":"Catalogues - Fabricante de gr\u00faas puente - JASO Industrial Cranes","robots":{"index":"index","follow":"follow","max-snippet":"max-snippet:-1","max-image-preview":"max-image-preview:large","max-video-preview":"max-video-preview:-1"},"canonical":"https:\/\/jasoindustrial.com\/en\/catalogues\/","og_locale":"en_US","og_type":"article","og_title":"Catalogues - Fabricante de gr\u00faas puente - JASO Industrial Cranes","og_description":"Catalogues JASO INDUSTRIAL CRANES CATALOGUE View catalogue TRANSFER CARTS CATALOGUE View catalogue CRANEBOT CATALOGUE View catalogue","og_url":"https:\/\/jasoindustrial.com\/en\/catalogues\/","og_site_name":"Fabricante de gr\u00faas puente - JASO Industrial Cranes","article_modified_time":"2026-03-23T08:38:55+00:00","og_image":[{"url":"http:\/\/jasoindustrial.com\/wp-content\/uploads\/2025\/10\/banner-catalogo-1024x303.jpg","type":"","width":"","height":""}],"twitter_card":"summary_large_image","twitter_misc":{"Est. reading time":"1 minute"},"schema":{"@context":"https:\/\/schema.org","@graph":[{"@type":"WebPage","@id":"https:\/\/jasoindustrial.com\/en\/catalogues\/","url":"https:\/\/jasoindustrial.com\/en\/catalogues\/","name":"Catalogues - Fabricante de gr\u00faas puente - JASO Industrial Cranes","isPartOf":{"@id":"https:\/\/jasoindustrial.com\/en\/#website"},"primaryImageOfPage":{"@id":"https:\/\/jasoindustrial.com\/en\/catalogues\/#primaryimage"},"image":{"@id":"https:\/\/jasoindustrial.com\/en\/catalogues\/#primaryimage"},"thumbnailUrl":"http:\/\/jasoindustrial.com\/wp-content\/uploads\/2025\/10\/banner-catalogo-1024x303.jpg","datePublished":"2025-11-20T08:14:00+00:00","dateModified":"2026-03-23T08:38:55+00:00","breadcrumb":{"@id":"https:\/\/jasoindustrial.com\/en\/catalogues\/#breadcrumb"},"inLanguage":"en-US","potentialAction":[{"@type":"ReadAction","target":["https:\/\/jasoindustrial.com\/en\/catalogues\/"]}]},{"@type":"ImageObject","inLanguage":"en-US","@id":"https:\/\/jasoindustrial.com\/en\/catalogues\/#primaryimage","url":"http:\/\/jasoindustrial.com\/wp-content\/uploads\/2025\/10\/banner-catalogo-1024x303.jpg","contentUrl":"http:\/\/jasoindustrial.com\/wp-content\/uploads\/2025\/10\/banner-catalogo-1024x303.jpg"},{"@type":"BreadcrumbList","@id":"https:\/\/jasoindustrial.com\/en\/catalogues\/#breadcrumb","itemListElement":[{"@type":"ListItem","position":1,"name":"Portada","item":"https:\/\/jasoindustrial.com\/en\/"},{"@type":"ListItem","position":2,"name":"Catalogues"}]},{"@type":"WebSite","@id":"https:\/\/jasoindustrial.com\/en\/#website","url":"https:\/\/jasoindustrial.com\/en\/","name":"Fabricante de gr\u00faas puente - JASO Industrial Cranes","description":"Fabricamos las gr\u00faas que  mueven la industria. Somos un fabricante a nivel global de gr\u00faas de polipasto, gr\u00faas de proceso y carros aut\u00f3nomos direccionales.","publisher":{"@id":"https:\/\/jasoindustrial.com\/en\/#organization"},"potentialAction":[{"@type":"SearchAction","target":{"@type":"EntryPoint","urlTemplate":"https:\/\/jasoindustrial.com\/en\/?s={search_term_string}"},"query-input":{"@type":"PropertyValueSpecification","valueRequired":true,"valueName":"search_term_string"}}],"inLanguage":"en-US"},{"@type":"Organization","@id":"https:\/\/jasoindustrial.com\/en\/#organization","name":"Fabricante de gr\u00faas puente - JASO Industrial Cranes","url":"https:\/\/jasoindustrial.com\/en\/","logo":{"@type":"ImageObject","inLanguage":"en-US","@id":"https:\/\/jasoindustrial.com\/en\/#\/schema\/logo\/image\/","url":"https:\/\/jasoindustrial.com\/wp-content\/uploads\/2025\/10\/logo-Jaso-industrial-1.svg","contentUrl":"https:\/\/jasoindustrial.com\/wp-content\/uploads\/2025\/10\/logo-Jaso-industrial-1.svg","caption":"Fabricante de gr\u00faas puente - JASO Industrial Cranes"},"image":{"@id":"https:\/\/jasoindustrial.com\/en\/#\/schema\/logo\/image\/"}}]}},"_links":{"self":[{"href":"https:\/\/jasoindustrial.com\/en\/wp-json\/wp\/v2\/pages\/1129","targetHints":{"allow":["GET"]}}],"collection":[{"href":"https:\/\/jasoindustrial.com\/en\/wp-json\/wp\/v2\/pages"}],"about":[{"href":"https:\/\/jasoindustrial.com\/en\/wp-json\/wp\/v2\/types\/page"}],"author":[{"embeddable":true,"href":"https:\/\/jasoindustrial.com\/en\/wp-json\/wp\/v2\/users\/3"}],"replies":[{"embeddable":true,"href":"https:\/\/jasoindustrial.com\/en\/wp-json\/wp\/v2\/comments?post=1129"}],"version-history":[{"count":8,"href":"https:\/\/jasoindustrial.com\/en\/wp-json\/wp\/v2\/pages\/1129\/revisions"}],"predecessor-version":[{"id":2281,"href":"https:\/\/jasoindustrial.com\/en\/wp-json\/wp\/v2\/pages\/1129\/revisions\/2281"}],"wp:attachment":[{"href":"https:\/\/jasoindustrial.com\/en\/wp-json\/wp\/v2\/media?parent=1129"}],"curies":[{"name":"wp","href":"https:\/\/api.w.org\/{rel}","templated":true}]}}