{"id":1124,"date":"2025-11-14T13:55:25","date_gmt":"2025-11-14T13:55:25","guid":{"rendered":"https:\/\/jasoindustrial.com\/?page_id=1124"},"modified":"2026-02-16T11:08:28","modified_gmt":"2026-02-16T11:08:28","slug":"employment","status":"publish","type":"page","link":"https:\/\/jasoindustrial.com\/en\/employment\/","title":{"rendered":"Employment"},"content":{"rendered":"\n<pre id=\"tw-target-text\" class=\"wp-block-preformatted\">employment<\/pre>\n\n\n\n<p><\/p>\n","protected":false},"excerpt":{"rendered":"<p>employment<\/p>\n","protected":false},"author":3,"featured_media":0,"parent":0,"menu_order":0,"comment_status":"closed","ping_status":"closed","template":"","meta":{"_acf_changed":false,"footnotes":""},"class_list":["post-1124","page","type-page","status-publish","hentry"],"acf":[],"yoast_head":"<!-- This site is optimized with the Yoast SEO plugin v27.2 - https:\/\/yoast.com\/product\/yoast-seo-wordpress\/ -->\n<title>Work at JASO Industrial Cranes<\/title>\n<meta name=\"description\" content=\"We are people working for people. Join us and be part of a great team of highly qualified professionals. Send your CV.\" \/>\n<meta name=\"robots\" content=\"index, follow, max-snippet:-1, max-image-preview:large, max-video-preview:-1\" \/>\n<link rel=\"canonical\" href=\"https:\/\/jasoindustrial.com\/en\/employment\/\" \/>\n<meta property=\"og:locale\" content=\"en_US\" \/>\n<meta property=\"og:type\" content=\"article\" \/>\n<meta property=\"og:title\" content=\"Work at JASO Industrial Cranes\" \/>\n<meta property=\"og:description\" content=\"We are people working for people. Join us and be part of a great team of highly qualified professionals. Send your CV.\" \/>\n<meta property=\"og:url\" content=\"https:\/\/jasoindustrial.com\/en\/employment\/\" \/>\n<meta property=\"og:site_name\" content=\"Fabricante de gr\u00faas puente - JASO Industrial Cranes\" \/>\n<meta property=\"article:modified_time\" content=\"2026-02-16T11:08:28+00:00\" \/>\n<meta name=\"twitter:card\" content=\"summary_large_image\" \/>\n<script type=\"application\/ld+json\" class=\"yoast-schema-graph\">{\"@context\":\"https:\/\/schema.org\",\"@graph\":[{\"@type\":\"WebPage\",\"@id\":\"https:\/\/jasoindustrial.com\/en\/employment\/\",\"url\":\"https:\/\/jasoindustrial.com\/en\/employment\/\",\"name\":\"Work at JASO Industrial Cranes\",\"isPartOf\":{\"@id\":\"https:\/\/jasoindustrial.com\/en\/#website\"},\"datePublished\":\"2025-11-14T13:55:25+00:00\",\"dateModified\":\"2026-02-16T11:08:28+00:00\",\"description\":\"We are people working for people. Join us and be part of a great team of highly qualified professionals. Send your CV.\",\"breadcrumb\":{\"@id\":\"https:\/\/jasoindustrial.com\/en\/employment\/#breadcrumb\"},\"inLanguage\":\"en-US\",\"potentialAction\":[{\"@type\":\"ReadAction\",\"target\":[\"https:\/\/jasoindustrial.com\/en\/employment\/\"]}]},{\"@type\":\"BreadcrumbList\",\"@id\":\"https:\/\/jasoindustrial.com\/en\/employment\/#breadcrumb\",\"itemListElement\":[{\"@type\":\"ListItem\",\"position\":1,\"name\":\"Portada\",\"item\":\"https:\/\/jasoindustrial.com\/en\/\"},{\"@type\":\"ListItem\",\"position\":2,\"name\":\"Employment\"}]},{\"@type\":\"WebSite\",\"@id\":\"https:\/\/jasoindustrial.com\/en\/#website\",\"url\":\"https:\/\/jasoindustrial.com\/en\/\",\"name\":\"Fabricante de gr\u00faas puente - JASO Industrial Cranes\",\"description\":\"Fabricamos las gr\u00faas que  mueven la industria. Somos un fabricante a nivel global de gr\u00faas de polipasto, gr\u00faas de proceso y carros aut\u00f3nomos direccionales.\",\"publisher\":{\"@id\":\"https:\/\/jasoindustrial.com\/en\/#organization\"},\"potentialAction\":[{\"@type\":\"SearchAction\",\"target\":{\"@type\":\"EntryPoint\",\"urlTemplate\":\"https:\/\/jasoindustrial.com\/en\/?s={search_term_string}\"},\"query-input\":{\"@type\":\"PropertyValueSpecification\",\"valueRequired\":true,\"valueName\":\"search_term_string\"}}],\"inLanguage\":\"en-US\"},{\"@type\":\"Organization\",\"@id\":\"https:\/\/jasoindustrial.com\/en\/#organization\",\"name\":\"Fabricante de gr\u00faas puente - JASO Industrial Cranes\",\"url\":\"https:\/\/jasoindustrial.com\/en\/\",\"logo\":{\"@type\":\"ImageObject\",\"inLanguage\":\"en-US\",\"@id\":\"https:\/\/jasoindustrial.com\/en\/#\/schema\/logo\/image\/\",\"url\":\"https:\/\/jasoindustrial.com\/wp-content\/uploads\/2025\/10\/logo-Jaso-industrial-1.svg\",\"contentUrl\":\"https:\/\/jasoindustrial.com\/wp-content\/uploads\/2025\/10\/logo-Jaso-industrial-1.svg\",\"caption\":\"Fabricante de gr\u00faas puente - JASO Industrial Cranes\"},\"image\":{\"@id\":\"https:\/\/jasoindustrial.com\/en\/#\/schema\/logo\/image\/\"}}]}<\/script>\n<!-- \/ Yoast SEO plugin. -->","yoast_head_json":{"title":"Work at JASO Industrial Cranes","description":"We are people working for people. Join us and be part of a great team of highly qualified professionals. Send your CV.","robots":{"index":"index","follow":"follow","max-snippet":"max-snippet:-1","max-image-preview":"max-image-preview:large","max-video-preview":"max-video-preview:-1"},"canonical":"https:\/\/jasoindustrial.com\/en\/employment\/","og_locale":"en_US","og_type":"article","og_title":"Work at JASO Industrial Cranes","og_description":"We are people working for people. Join us and be part of a great team of highly qualified professionals. Send your CV.","og_url":"https:\/\/jasoindustrial.com\/en\/employment\/","og_site_name":"Fabricante de gr\u00faas puente - JASO Industrial Cranes","article_modified_time":"2026-02-16T11:08:28+00:00","twitter_card":"summary_large_image","schema":{"@context":"https:\/\/schema.org","@graph":[{"@type":"WebPage","@id":"https:\/\/jasoindustrial.com\/en\/employment\/","url":"https:\/\/jasoindustrial.com\/en\/employment\/","name":"Work at JASO Industrial Cranes","isPartOf":{"@id":"https:\/\/jasoindustrial.com\/en\/#website"},"datePublished":"2025-11-14T13:55:25+00:00","dateModified":"2026-02-16T11:08:28+00:00","description":"We are people working for people. Join us and be part of a great team of highly qualified professionals. Send your CV.","breadcrumb":{"@id":"https:\/\/jasoindustrial.com\/en\/employment\/#breadcrumb"},"inLanguage":"en-US","potentialAction":[{"@type":"ReadAction","target":["https:\/\/jasoindustrial.com\/en\/employment\/"]}]},{"@type":"BreadcrumbList","@id":"https:\/\/jasoindustrial.com\/en\/employment\/#breadcrumb","itemListElement":[{"@type":"ListItem","position":1,"name":"Portada","item":"https:\/\/jasoindustrial.com\/en\/"},{"@type":"ListItem","position":2,"name":"Employment"}]},{"@type":"WebSite","@id":"https:\/\/jasoindustrial.com\/en\/#website","url":"https:\/\/jasoindustrial.com\/en\/","name":"Fabricante de gr\u00faas puente - JASO Industrial Cranes","description":"Fabricamos las gr\u00faas que  mueven la industria. Somos un fabricante a nivel global de gr\u00faas de polipasto, gr\u00faas de proceso y carros aut\u00f3nomos direccionales.","publisher":{"@id":"https:\/\/jasoindustrial.com\/en\/#organization"},"potentialAction":[{"@type":"SearchAction","target":{"@type":"EntryPoint","urlTemplate":"https:\/\/jasoindustrial.com\/en\/?s={search_term_string}"},"query-input":{"@type":"PropertyValueSpecification","valueRequired":true,"valueName":"search_term_string"}}],"inLanguage":"en-US"},{"@type":"Organization","@id":"https:\/\/jasoindustrial.com\/en\/#organization","name":"Fabricante de gr\u00faas puente - JASO Industrial Cranes","url":"https:\/\/jasoindustrial.com\/en\/","logo":{"@type":"ImageObject","inLanguage":"en-US","@id":"https:\/\/jasoindustrial.com\/en\/#\/schema\/logo\/image\/","url":"https:\/\/jasoindustrial.com\/wp-content\/uploads\/2025\/10\/logo-Jaso-industrial-1.svg","contentUrl":"https:\/\/jasoindustrial.com\/wp-content\/uploads\/2025\/10\/logo-Jaso-industrial-1.svg","caption":"Fabricante de gr\u00faas puente - JASO Industrial Cranes"},"image":{"@id":"https:\/\/jasoindustrial.com\/en\/#\/schema\/logo\/image\/"}}]}},"_links":{"self":[{"href":"https:\/\/jasoindustrial.com\/en\/wp-json\/wp\/v2\/pages\/1124","targetHints":{"allow":["GET"]}}],"collection":[{"href":"https:\/\/jasoindustrial.com\/en\/wp-json\/wp\/v2\/pages"}],"about":[{"href":"https:\/\/jasoindustrial.com\/en\/wp-json\/wp\/v2\/types\/page"}],"author":[{"embeddable":true,"href":"https:\/\/jasoindustrial.com\/en\/wp-json\/wp\/v2\/users\/3"}],"replies":[{"embeddable":true,"href":"https:\/\/jasoindustrial.com\/en\/wp-json\/wp\/v2\/comments?post=1124"}],"version-history":[{"count":2,"href":"https:\/\/jasoindustrial.com\/en\/wp-json\/wp\/v2\/pages\/1124\/revisions"}],"predecessor-version":[{"id":1436,"href":"https:\/\/jasoindustrial.com\/en\/wp-json\/wp\/v2\/pages\/1124\/revisions\/1436"}],"wp:attachment":[{"href":"https:\/\/jasoindustrial.com\/en\/wp-json\/wp\/v2\/media?parent=1124"}],"curies":[{"name":"wp","href":"https:\/\/api.w.org\/{rel}","templated":true}]}}