{"id":1116,"date":"2025-10-13T13:41:47","date_gmt":"2025-10-13T13:41:47","guid":{"rendered":"https:\/\/jasoindustrial.com\/?page_id=1116"},"modified":"2026-02-16T11:07:33","modified_gmt":"2026-02-16T11:07:33","slug":"local-partner","status":"publish","type":"page","link":"https:\/\/jasoindustrial.com\/en\/local-partner\/","title":{"rendered":"Local partner"},"content":{"rendered":"","protected":false},"excerpt":{"rendered":"","protected":false},"author":3,"featured_media":0,"parent":0,"menu_order":0,"comment_status":"closed","ping_status":"closed","template":"","meta":{"_acf_changed":false,"footnotes":""},"class_list":["post-1116","page","type-page","status-publish","hentry"],"acf":[],"yoast_head":"<!-- This site is optimized with the Yoast SEO plugin v27.2 - https:\/\/yoast.com\/product\/yoast-seo-wordpress\/ -->\n<title>JASO Industrial Cranes distributors<\/title>\n<meta name=\"description\" content=\"Do you want to be a JASO Industrial Cranes distributor? Become the official distributor of the leading company in the overhead crane and hoist sector.\" \/>\n<meta name=\"robots\" content=\"index, follow, max-snippet:-1, max-image-preview:large, max-video-preview:-1\" \/>\n<link rel=\"canonical\" href=\"https:\/\/jasoindustrial.com\/en\/local-partner\/\" \/>\n<meta property=\"og:locale\" content=\"en_US\" \/>\n<meta property=\"og:type\" content=\"article\" \/>\n<meta property=\"og:title\" content=\"JASO Industrial Cranes distributors\" \/>\n<meta property=\"og:description\" content=\"Do you want to be a JASO Industrial Cranes distributor? Become the official distributor of the leading company in the overhead crane and hoist sector.\" \/>\n<meta property=\"og:url\" content=\"https:\/\/jasoindustrial.com\/en\/local-partner\/\" \/>\n<meta property=\"og:site_name\" content=\"Fabricante de gr\u00faas puente - JASO Industrial Cranes\" \/>\n<meta property=\"article:modified_time\" content=\"2026-02-16T11:07:33+00:00\" \/>\n<meta name=\"twitter:card\" content=\"summary_large_image\" \/>\n<script type=\"application\/ld+json\" class=\"yoast-schema-graph\">{\"@context\":\"https:\/\/schema.org\",\"@graph\":[{\"@type\":\"WebPage\",\"@id\":\"https:\/\/jasoindustrial.com\/en\/local-partner\/\",\"url\":\"https:\/\/jasoindustrial.com\/en\/local-partner\/\",\"name\":\"JASO Industrial Cranes distributors\",\"isPartOf\":{\"@id\":\"https:\/\/jasoindustrial.com\/en\/#website\"},\"datePublished\":\"2025-10-13T13:41:47+00:00\",\"dateModified\":\"2026-02-16T11:07:33+00:00\",\"description\":\"Do you want to be a JASO Industrial Cranes distributor? Become the official distributor of the leading company in the overhead crane and hoist sector.\",\"breadcrumb\":{\"@id\":\"https:\/\/jasoindustrial.com\/en\/local-partner\/#breadcrumb\"},\"inLanguage\":\"en-US\",\"potentialAction\":[{\"@type\":\"ReadAction\",\"target\":[\"https:\/\/jasoindustrial.com\/en\/local-partner\/\"]}]},{\"@type\":\"BreadcrumbList\",\"@id\":\"https:\/\/jasoindustrial.com\/en\/local-partner\/#breadcrumb\",\"itemListElement\":[{\"@type\":\"ListItem\",\"position\":1,\"name\":\"Portada\",\"item\":\"https:\/\/jasoindustrial.com\/en\/\"},{\"@type\":\"ListItem\",\"position\":2,\"name\":\"Local partner\"}]},{\"@type\":\"WebSite\",\"@id\":\"https:\/\/jasoindustrial.com\/en\/#website\",\"url\":\"https:\/\/jasoindustrial.com\/en\/\",\"name\":\"Fabricante de gr\u00faas puente - JASO Industrial Cranes\",\"description\":\"Fabricamos las gr\u00faas que  mueven la industria. Somos un fabricante a nivel global de gr\u00faas de polipasto, gr\u00faas de proceso y carros aut\u00f3nomos direccionales.\",\"publisher\":{\"@id\":\"https:\/\/jasoindustrial.com\/en\/#organization\"},\"potentialAction\":[{\"@type\":\"SearchAction\",\"target\":{\"@type\":\"EntryPoint\",\"urlTemplate\":\"https:\/\/jasoindustrial.com\/en\/?s={search_term_string}\"},\"query-input\":{\"@type\":\"PropertyValueSpecification\",\"valueRequired\":true,\"valueName\":\"search_term_string\"}}],\"inLanguage\":\"en-US\"},{\"@type\":\"Organization\",\"@id\":\"https:\/\/jasoindustrial.com\/en\/#organization\",\"name\":\"Fabricante de gr\u00faas puente - JASO Industrial Cranes\",\"url\":\"https:\/\/jasoindustrial.com\/en\/\",\"logo\":{\"@type\":\"ImageObject\",\"inLanguage\":\"en-US\",\"@id\":\"https:\/\/jasoindustrial.com\/en\/#\/schema\/logo\/image\/\",\"url\":\"https:\/\/jasoindustrial.com\/wp-content\/uploads\/2025\/10\/logo-Jaso-industrial-1.svg\",\"contentUrl\":\"https:\/\/jasoindustrial.com\/wp-content\/uploads\/2025\/10\/logo-Jaso-industrial-1.svg\",\"caption\":\"Fabricante de gr\u00faas puente - JASO Industrial Cranes\"},\"image\":{\"@id\":\"https:\/\/jasoindustrial.com\/en\/#\/schema\/logo\/image\/\"}}]}<\/script>\n<!-- \/ Yoast SEO plugin. -->","yoast_head_json":{"title":"JASO Industrial Cranes distributors","description":"Do you want to be a JASO Industrial Cranes distributor? Become the official distributor of the leading company in the overhead crane and hoist sector.","robots":{"index":"index","follow":"follow","max-snippet":"max-snippet:-1","max-image-preview":"max-image-preview:large","max-video-preview":"max-video-preview:-1"},"canonical":"https:\/\/jasoindustrial.com\/en\/local-partner\/","og_locale":"en_US","og_type":"article","og_title":"JASO Industrial Cranes distributors","og_description":"Do you want to be a JASO Industrial Cranes distributor? Become the official distributor of the leading company in the overhead crane and hoist sector.","og_url":"https:\/\/jasoindustrial.com\/en\/local-partner\/","og_site_name":"Fabricante de gr\u00faas puente - JASO Industrial Cranes","article_modified_time":"2026-02-16T11:07:33+00:00","twitter_card":"summary_large_image","schema":{"@context":"https:\/\/schema.org","@graph":[{"@type":"WebPage","@id":"https:\/\/jasoindustrial.com\/en\/local-partner\/","url":"https:\/\/jasoindustrial.com\/en\/local-partner\/","name":"JASO Industrial Cranes distributors","isPartOf":{"@id":"https:\/\/jasoindustrial.com\/en\/#website"},"datePublished":"2025-10-13T13:41:47+00:00","dateModified":"2026-02-16T11:07:33+00:00","description":"Do you want to be a JASO Industrial Cranes distributor? Become the official distributor of the leading company in the overhead crane and hoist sector.","breadcrumb":{"@id":"https:\/\/jasoindustrial.com\/en\/local-partner\/#breadcrumb"},"inLanguage":"en-US","potentialAction":[{"@type":"ReadAction","target":["https:\/\/jasoindustrial.com\/en\/local-partner\/"]}]},{"@type":"BreadcrumbList","@id":"https:\/\/jasoindustrial.com\/en\/local-partner\/#breadcrumb","itemListElement":[{"@type":"ListItem","position":1,"name":"Portada","item":"https:\/\/jasoindustrial.com\/en\/"},{"@type":"ListItem","position":2,"name":"Local partner"}]},{"@type":"WebSite","@id":"https:\/\/jasoindustrial.com\/en\/#website","url":"https:\/\/jasoindustrial.com\/en\/","name":"Fabricante de gr\u00faas puente - JASO Industrial Cranes","description":"Fabricamos las gr\u00faas que  mueven la industria. Somos un fabricante a nivel global de gr\u00faas de polipasto, gr\u00faas de proceso y carros aut\u00f3nomos direccionales.","publisher":{"@id":"https:\/\/jasoindustrial.com\/en\/#organization"},"potentialAction":[{"@type":"SearchAction","target":{"@type":"EntryPoint","urlTemplate":"https:\/\/jasoindustrial.com\/en\/?s={search_term_string}"},"query-input":{"@type":"PropertyValueSpecification","valueRequired":true,"valueName":"search_term_string"}}],"inLanguage":"en-US"},{"@type":"Organization","@id":"https:\/\/jasoindustrial.com\/en\/#organization","name":"Fabricante de gr\u00faas puente - JASO Industrial Cranes","url":"https:\/\/jasoindustrial.com\/en\/","logo":{"@type":"ImageObject","inLanguage":"en-US","@id":"https:\/\/jasoindustrial.com\/en\/#\/schema\/logo\/image\/","url":"https:\/\/jasoindustrial.com\/wp-content\/uploads\/2025\/10\/logo-Jaso-industrial-1.svg","contentUrl":"https:\/\/jasoindustrial.com\/wp-content\/uploads\/2025\/10\/logo-Jaso-industrial-1.svg","caption":"Fabricante de gr\u00faas puente - JASO Industrial Cranes"},"image":{"@id":"https:\/\/jasoindustrial.com\/en\/#\/schema\/logo\/image\/"}}]}},"_links":{"self":[{"href":"https:\/\/jasoindustrial.com\/en\/wp-json\/wp\/v2\/pages\/1116","targetHints":{"allow":["GET"]}}],"collection":[{"href":"https:\/\/jasoindustrial.com\/en\/wp-json\/wp\/v2\/pages"}],"about":[{"href":"https:\/\/jasoindustrial.com\/en\/wp-json\/wp\/v2\/types\/page"}],"author":[{"embeddable":true,"href":"https:\/\/jasoindustrial.com\/en\/wp-json\/wp\/v2\/users\/3"}],"replies":[{"embeddable":true,"href":"https:\/\/jasoindustrial.com\/en\/wp-json\/wp\/v2\/comments?post=1116"}],"version-history":[{"count":4,"href":"https:\/\/jasoindustrial.com\/en\/wp-json\/wp\/v2\/pages\/1116\/revisions"}],"predecessor-version":[{"id":1597,"href":"https:\/\/jasoindustrial.com\/en\/wp-json\/wp\/v2\/pages\/1116\/revisions\/1597"}],"wp:attachment":[{"href":"https:\/\/jasoindustrial.com\/en\/wp-json\/wp\/v2\/media?parent=1116"}],"curies":[{"name":"wp","href":"https:\/\/api.w.org\/{rel}","templated":true}]}}